{"id":38,"date":"2024-01-23T15:34:20","date_gmt":"2024-01-23T15:34:20","guid":{"rendered":"https:\/\/stellar-consulting.de\/services\/"},"modified":"2024-02-02T16:19:45","modified_gmt":"2024-02-02T16:19:45","slug":"services","status":"publish","type":"page","link":"https:\/\/stellar-consulting.de\/de\/services\/","title":{"rendered":"Services"},"content":{"rendered":"<div data-elementor-type=\"wp-page\" data-elementor-id=\"38\" class=\"elementor elementor-38\" data-elementor-post-type=\"page\">\n\t\t\t\t<div class=\"elementor-element elementor-element-4d1b5074 e-con-full e-flex e-con e-parent\" data-id=\"4d1b5074\" data-element_type=\"container\" data-e-type=\"container\">\n\t\t\t\t<div class=\"elementor-element elementor-element-6a5741c3 elementor-widget elementor-widget-heading\" data-id=\"6a5741c3\" data-element_type=\"widget\" data-e-type=\"widget\" data-widget_type=\"heading.default\">\n\t\t\t\t<div class=\"elementor-widget-container\">\n\t\t\t\t\t<h1 class=\"elementor-heading-title elementor-size-default\">services<\/h1>\t\t\t\t<\/div>\n\t\t\t\t<\/div>\n\t\t\t\t<div class=\"elementor-element elementor-element-183a20b6 elementor-widget elementor-widget-text-editor\" data-id=\"183a20b6\" data-element_type=\"widget\" data-e-type=\"widget\" data-widget_type=\"text-editor.default\">\n\t\t\t\t<div class=\"elementor-widget-container\">\n\t\t\t\t\t\t\t\t\t<p>Dienstleistungen f\u00fcr die Erschliessung neuer M\u00e4rkte<\/p>\t\t\t\t\t\t\t\t<\/div>\n\t\t\t\t<\/div>\n\t\t\t\t<\/div>\n\t\t<div class=\"elementor-element elementor-element-390ead53 e-con-full e-flex e-con e-parent\" data-id=\"390ead53\" data-element_type=\"container\" data-e-type=\"container\" id=\"s1\">\n\t\t<div class=\"elementor-element elementor-element-441dd6b6 e-con-full e-flex e-con e-child\" data-id=\"441dd6b6\" data-element_type=\"container\" data-e-type=\"container\">\n\t\t\t\t<div class=\"elementor-element elementor-element-46a7d7c5 elementor-widget elementor-widget-heading\" data-id=\"46a7d7c5\" data-element_type=\"widget\" data-e-type=\"widget\" data-widget_type=\"heading.default\">\n\t\t\t\t<div class=\"elementor-widget-container\">\n\t\t\t\t\t<h2 class=\"elementor-heading-title elementor-size-default\">Strategie-beratung<\/h2>\t\t\t\t<\/div>\n\t\t\t\t<\/div>\n\t\t\t\t<div class=\"elementor-element elementor-element-2fd8554b elementor-widget elementor-widget-text-editor\" data-id=\"2fd8554b\" data-element_type=\"widget\" data-e-type=\"widget\" data-widget_type=\"text-editor.default\">\n\t\t\t\t<div class=\"elementor-widget-container\">\n\t\t\t\t\t\t\t\t\t<p>Effektive Unternehmensstrategieberatung ist von gr\u00f6\u00dfter Bedeutung, wenn man in neue internationale M\u00e4rkte vordringt.<\/p><p>Das Navigieren durch die Komplexit\u00e4ten einer ausl\u00e4ndischen Gesch\u00e4ftslandschaft erfordert ein umfassendes Verst\u00e4ndnis lokaler Dynamiken, Markttrends und regulatorischer Rahmenbedingungen.<\/p><p>Wir k\u00f6nnen helfen: Von Markteintrittsstrategien bis zur kulturellen Anpassung stellen wir \u00b4 sicher, dass unsere Kunden fundierte Entscheidungen treffen, Risiken minimieren und sich f\u00fcr den Erfolg in neuen M\u00e4rkten optimal aufstellen.\u00a0<\/p>\t\t\t\t\t\t\t\t<\/div>\n\t\t\t\t<\/div>\n\t\t\t\t<\/div>\n\t\t<div class=\"elementor-element elementor-element-12f043f6 e-con-full e-flex e-con e-child\" data-id=\"12f043f6\" data-element_type=\"container\" data-e-type=\"container\" data-settings=\"{&quot;background_background&quot;:&quot;classic&quot;}\">\n\t\t\t\t<\/div>\n\t\t\t\t<\/div>\n\t\t<div class=\"elementor-element elementor-element-6ef59812 e-con-full e-flex e-con e-parent\" data-id=\"6ef59812\" data-element_type=\"container\" data-e-type=\"container\" id=\"s2\">\n\t\t<div class=\"elementor-element elementor-element-1800be6c e-con-full e-flex e-con e-child\" data-id=\"1800be6c\" data-element_type=\"container\" data-e-type=\"container\" data-settings=\"{&quot;background_background&quot;:&quot;classic&quot;}\">\n\t\t\t\t<\/div>\n\t\t<div class=\"elementor-element elementor-element-17a84451 e-con-full e-flex e-con e-child\" data-id=\"17a84451\" data-element_type=\"container\" data-e-type=\"container\">\n\t\t\t\t<div class=\"elementor-element elementor-element-cf5ddf8 elementor-widget elementor-widget-heading\" data-id=\"cf5ddf8\" data-element_type=\"widget\" data-e-type=\"widget\" data-widget_type=\"heading.default\">\n\t\t\t\t<div class=\"elementor-widget-container\">\n\t\t\t\t\t<h2 class=\"elementor-heading-title elementor-size-default\">Research &amp; Analysis<\/h2>\t\t\t\t<\/div>\n\t\t\t\t<\/div>\n\t\t\t\t<div class=\"elementor-element elementor-element-5ca024a elementor-widget elementor-widget-text-editor\" data-id=\"5ca024a\" data-element_type=\"widget\" data-e-type=\"widget\" data-widget_type=\"text-editor.default\">\n\t\t\t\t<div class=\"elementor-widget-container\">\n\t\t\t\t\t\t\t\t\t<p>Unsere Beratungsdienstleistungen im Bereich Forschung und Analyse spielen eine entscheidende Rolle dabei, Unternehmen zu bef\u00e4higen, in neuen M\u00e4rkten erfolgreich zu sein.<\/p><p>Im globalen Gesch\u00e4ft sind gr\u00fcndliche Marktforschung und aufschlussreiche Analysen die Grundpfeiler fundierter Entscheidungsfindung. Unser engagiertes Team von Experten f\u00fchrt umfassende Marktforschung durch, bewertet Branchentrends und analysiert relevante Daten, um Kunden ein detailliertes Verst\u00e4ndnis der wirtschaftlichen Landschaft des Ziellandes zu bieten.<\/p><p>\u00a0Durch unsere Beratung im Bereich Forschung und Analyse verschaffen sich Unternehmen einen Wettbewerbsvorteil, der es ihnen erm\u00f6glicht, fundierte Entscheidungen zu treffen, Risiken zu minimieren und mit Zuversicht die Komplexit\u00e4ten der internationalen Expansion zu bew\u00e4ltigen.<\/p>\t\t\t\t\t\t\t\t<\/div>\n\t\t\t\t<\/div>\n\t\t\t\t<\/div>\n\t\t\t\t<\/div>\n\t\t<div class=\"elementor-element elementor-element-37680156 e-con-full e-flex e-con e-parent\" data-id=\"37680156\" data-element_type=\"container\" data-e-type=\"container\" id=\"s3\">\n\t\t<div class=\"elementor-element elementor-element-7a717f42 e-con-full e-flex e-con e-child\" data-id=\"7a717f42\" data-element_type=\"container\" data-e-type=\"container\">\n\t\t\t\t<div class=\"elementor-element elementor-element-45fcb066 elementor-widget elementor-widget-heading\" data-id=\"45fcb066\" data-element_type=\"widget\" data-e-type=\"widget\" data-widget_type=\"heading.default\">\n\t\t\t\t<div class=\"elementor-widget-container\">\n\t\t\t\t\t<h2 class=\"elementor-heading-title elementor-size-default\">Marketing &amp; Sales<\/h2>\t\t\t\t<\/div>\n\t\t\t\t<\/div>\n\t\t\t\t<div class=\"elementor-element elementor-element-3e858057 elementor-widget elementor-widget-text-editor\" data-id=\"3e858057\" data-element_type=\"widget\" data-e-type=\"widget\" data-widget_type=\"text-editor.default\">\n\t\t\t\t<div class=\"elementor-widget-container\">\n\t\t\t\t\t\t\t\t\t<p>Steigern Sie Ihre globale Marktposition mit unseren Beratungsdienstleistungen im Bereich Marketing und Vertrieb.<\/p><p>Die Feinheiten eines neuen Marktes zu meistern erfordert einen ma\u00dfgeschneiderten Ansatz, um die Aufmerksamkeit verschiedener Zielgruppen zu gewinnen. Unsere Experten sind darauf spezialisiert, gezielte Marketingstrategien und Verkaufspl\u00e4ne zu entwickeln, die bei den lokalen Verbrauchern Anklang finden und maximale Wirkung und Engagement gew\u00e4hrleisten.<\/p><p>Von der Kenntnis kultureller Vorlieben bis zur Optimierung digitaler Marketingkan\u00e4le erm\u00f6glichen unsere Beratungsdienstleistungen Unternehmen nicht nur den Markteintritt, sondern auch das Gedeihen und den Aufbau dauerhafter Kundenbeziehungen. Nutzen Sie das Potenzial der internationalen Expansion mit strategischer Marketing- und Vertriebsberatung, die Ihre Marke zum Erfolg f\u00fchrt.<\/p>\t\t\t\t\t\t\t\t<\/div>\n\t\t\t\t<\/div>\n\t\t\t\t<\/div>\n\t\t<div class=\"elementor-element elementor-element-141dcfa4 e-con-full e-flex e-con e-child\" data-id=\"141dcfa4\" data-element_type=\"container\" data-e-type=\"container\" data-settings=\"{&quot;background_background&quot;:&quot;classic&quot;}\">\n\t\t\t\t<\/div>\n\t\t\t\t<\/div>\n\t\t<div class=\"elementor-element elementor-element-6c8555d2 e-con-full e-flex e-con e-parent\" data-id=\"6c8555d2\" data-element_type=\"container\" data-e-type=\"container\" id=\"s4\">\n\t\t<div class=\"elementor-element elementor-element-76cc72ea e-con-full e-flex e-con e-child\" data-id=\"76cc72ea\" data-element_type=\"container\" data-e-type=\"container\" data-settings=\"{&quot;background_background&quot;:&quot;classic&quot;}\">\n\t\t\t\t<\/div>\n\t\t<div class=\"elementor-element elementor-element-126a94b5 e-con-full e-flex e-con e-child\" data-id=\"126a94b5\" data-element_type=\"container\" data-e-type=\"container\">\n\t\t\t\t<div class=\"elementor-element elementor-element-7ad70c89 elementor-widget elementor-widget-heading\" data-id=\"7ad70c89\" data-element_type=\"widget\" data-e-type=\"widget\" data-widget_type=\"heading.default\">\n\t\t\t\t<div class=\"elementor-widget-container\">\n\t\t\t\t\t<h2 class=\"elementor-heading-title elementor-size-default\">F\u00f6rderung<\/h2>\t\t\t\t<\/div>\n\t\t\t\t<\/div>\n\t\t\t\t<div class=\"elementor-element elementor-element-6e4d1764 elementor-widget elementor-widget-text-editor\" data-id=\"6e4d1764\" data-element_type=\"widget\" data-e-type=\"widget\" data-widget_type=\"text-editor.default\">\n\t\t\t\t<div class=\"elementor-widget-container\">\n\t\t\t\t\t\t\t\t\t<p>Deutschland, eine der f\u00fchrenden Kr\u00e4fte der Europ\u00e4ischen Union, ist bekannt f\u00fcr seine robuste Wirtschaft, technologische Innovation und sein Engagement f\u00fcr nachhaltige Entwicklung. Ein wesentlicher Faktor, der zur wirtschaftlichen St\u00e4rke Deutschlands beitr\u00e4gt, ist seine gut etablierte Kultur der Unternehmenssubventionen. Wir k\u00f6nnen Ihnen helfen, solche Subventionen f\u00fcr Ihre Gesch\u00e4ftsentwicklung zu finden.<\/p>\t\t\t\t\t\t\t\t<\/div>\n\t\t\t\t<\/div>\n\t\t\t\t<\/div>\n\t\t\t\t<\/div>\n\t\t<div class=\"elementor-element elementor-element-4e46257d e-con-full e-flex e-con e-parent\" data-id=\"4e46257d\" data-element_type=\"container\" data-e-type=\"container\" id=\"s5\">\n\t\t<div class=\"elementor-element elementor-element-32ddeaa7 e-con-full e-flex e-con e-child\" data-id=\"32ddeaa7\" data-element_type=\"container\" data-e-type=\"container\">\n\t\t\t\t<div class=\"elementor-element elementor-element-63c7c59c elementor-widget elementor-widget-heading\" data-id=\"63c7c59c\" data-element_type=\"widget\" data-e-type=\"widget\" data-widget_type=\"heading.default\">\n\t\t\t\t<div class=\"elementor-widget-container\">\n\t\t\t\t\t<h2 class=\"elementor-heading-title elementor-size-default\">IT und Systeme<\/h2>\t\t\t\t<\/div>\n\t\t\t\t<\/div>\n\t\t\t\t<div class=\"elementor-element elementor-element-3c37e1c3 elementor-widget elementor-widget-text-editor\" data-id=\"3c37e1c3\" data-element_type=\"widget\" data-e-type=\"widget\" data-widget_type=\"text-editor.default\">\n\t\t\t\t<div class=\"elementor-widget-container\">\n\t\t\t\t\t\t\t\t\t<p>Die Bedeutung von IT und Systemen bei der erfolgreichen Erschlie\u00dfung neuer M\u00e4rkte kann nicht \u00fcbersch\u00e4tzt werden. In der heutigen globalen Gesch\u00e4ftswelt sind effiziente und integrierte IT-L\u00f6sungen das R\u00fcckgrat von Markterweiterungsstrategien. Sie erm\u00f6glichen es Unternehmen, ihre Abl\u00e4ufe zu optimieren, wichtige Marktdaten zu sammeln, sich an lokale regulatorische Anforderungen anzupassen und Kunden \u00fcber Grenzen hinweg zu erreichen.\n\nInsbesondere im Marketing sind IT-gesteuerte Automatisierung und Workflows entscheidend f\u00fcr kosteng\u00fcnstige, aber dennoch personalisierte Kundenerlebnisse.\u00a0<\/p><p>Wir haben Spezialisten im Team, um die passende IT-Unterst\u00fctzung Ihrer Strategie zu konzipieren und umzusetzen.<\/p>\t\t\t\t\t\t\t\t<\/div>\n\t\t\t\t<\/div>\n\t\t\t\t<\/div>\n\t\t<div class=\"elementor-element elementor-element-2e7293d6 e-con-full e-flex e-con e-child\" data-id=\"2e7293d6\" data-element_type=\"container\" data-e-type=\"container\" data-settings=\"{&quot;background_background&quot;:&quot;classic&quot;}\">\n\t\t\t\t<\/div>\n\t\t\t\t<\/div>\n\t\t<div class=\"elementor-element elementor-element-7952f337 e-con-full e-flex e-con e-parent\" data-id=\"7952f337\" data-element_type=\"container\" data-e-type=\"container\" id=\"s6\">\n\t\t<div class=\"elementor-element elementor-element-a965f94 e-con-full e-flex e-con e-child\" data-id=\"a965f94\" data-element_type=\"container\" data-e-type=\"container\" data-settings=\"{&quot;background_background&quot;:&quot;classic&quot;}\">\n\t\t\t\t<\/div>\n\t\t<div class=\"elementor-element elementor-element-1e1e18dc e-con-full e-flex e-con e-child\" data-id=\"1e1e18dc\" data-element_type=\"container\" data-e-type=\"container\">\n\t\t\t\t<div class=\"elementor-element elementor-element-785d001e elementor-widget elementor-widget-heading\" data-id=\"785d001e\" data-element_type=\"widget\" data-e-type=\"widget\" data-widget_type=\"heading.default\">\n\t\t\t\t<div class=\"elementor-widget-container\">\n\t\t\t\t\t<h2 class=\"elementor-heading-title elementor-size-default\">Recruiting &amp; Training <\/h2>\t\t\t\t<\/div>\n\t\t\t\t<\/div>\n\t\t\t\t<div class=\"elementor-element elementor-element-d322ff4 elementor-widget elementor-widget-text-editor\" data-id=\"d322ff4\" data-element_type=\"widget\" data-e-type=\"widget\" data-widget_type=\"text-editor.default\">\n\t\t\t\t<div class=\"elementor-widget-container\">\n\t\t\t\t\t\t\t\t\t<p>Erschlie\u00dfen Sie das Potenzial Ihrer globalen Belegschaft mit unseren Beratungsdienstleistungen f\u00fcr Recruiting und Schulung.<\/p><p>Die Entwicklung eines Gesch\u00e4fts in einem neuen Land erfordert nicht nur qualifizierte Einzelpersonen, sondern ein Team, das sich mit Ihren Organisationszielen abstimmt und sich an lokale Besonderheiten anpasst. Unsere Berater sind auf die internationale Talentakquise und umfassende Schulungsprogramme spezialisiert, um sicherzustellen, dass Ihr Team nicht nur in ihren Aufgaben kompetent ist, sondern auch kulturell sensibel agiert.<\/p><p>Von Rekrutierungsstrategien, die auf lokale Talentpools abzielen, bis hin zu ma\u00dfgeschneiderten Schulungsmodulen erm\u00f6glichen wir Unternehmen, widerstandsf\u00e4hige, leistungsstarke Teams aufzubauen, die den Erfolg in vielf\u00e4ltigen M\u00e4rkten vorantreiben.<\/p>\t\t\t\t\t\t\t\t<\/div>\n\t\t\t\t<\/div>\n\t\t\t\t<\/div>\n\t\t\t\t<\/div>\n\t\t<div class=\"elementor-element elementor-element-650aa5a2 e-con-full e-flex e-con e-parent\" data-id=\"650aa5a2\" data-element_type=\"container\" data-e-type=\"container\" data-settings=\"{&quot;background_background&quot;:&quot;classic&quot;}\">\n\t\t<div class=\"elementor-element elementor-element-1c362bc1 e-con-full e-flex e-con e-child\" data-id=\"1c362bc1\" data-element_type=\"container\" data-e-type=\"container\">\n\t\t\t\t<div class=\"elementor-element elementor-element-ab81396 elementor-widget elementor-widget-heading\" data-id=\"ab81396\" data-element_type=\"widget\" data-e-type=\"widget\" data-widget_type=\"heading.default\">\n\t\t\t\t<div class=\"elementor-widget-container\">\n\t\t\t\t\t<h2 class=\"elementor-heading-title elementor-size-default\">Sind Sie bereit f\u00fcr Wachstum? <\/h2>\t\t\t\t<\/div>\n\t\t\t\t<\/div>\n\t\t\t\t<\/div>\n\t\t<div class=\"elementor-element elementor-element-65aa90db e-con-full e-flex e-con e-child\" data-id=\"65aa90db\" data-element_type=\"container\" data-e-type=\"container\">\n\t\t\t\t<div class=\"elementor-element elementor-element-10a94728 elementor-widget elementor-widget-heading\" data-id=\"10a94728\" data-element_type=\"widget\" data-e-type=\"widget\" data-widget_type=\"heading.default\">\n\t\t\t\t<div class=\"elementor-widget-container\">\n\t\t\t\t\t<h2 class=\"elementor-heading-title elementor-size-default\">Kontaktieren Sie uns f\u00fcr eine kostenlose Erstberatung<\/h2>\t\t\t\t<\/div>\n\t\t\t\t<\/div>\n\t\t\t\t<div class=\"elementor-element elementor-element-4621fbc1 elementor-widget elementor-widget-button\" data-id=\"4621fbc1\" data-element_type=\"widget\" data-e-type=\"widget\" data-widget_type=\"button.default\">\n\t\t\t\t<div class=\"elementor-widget-container\">\n\t\t\t\t\t\t\t\t\t<div class=\"elementor-button-wrapper\">\n\t\t\t\t\t<a class=\"elementor-button elementor-button-link elementor-size-sm\" href=\"https:\/\/stellar-consulting.de\/de\/contact-us\/\">\n\t\t\t\t\t\t<span class=\"elementor-button-content-wrapper\">\n\t\t\t\t\t\t\t\t\t<span class=\"elementor-button-text\">Request a consultation &gt;<\/span>\n\t\t\t\t\t<\/span>\n\t\t\t\t\t<\/a>\n\t\t\t\t<\/div>\n\t\t\t\t\t\t\t\t<\/div>\n\t\t\t\t<\/div>\n\t\t\t\t<\/div>\n\t\t\t\t<\/div>\n\t\t<div class=\"elementor-element elementor-element-cab4b51 e-flex e-con-boxed e-con e-parent\" data-id=\"cab4b51\" data-element_type=\"container\" data-e-type=\"container\">\n\t\t\t\t\t<div class=\"e-con-inner\">\n\t\t\t\t\t<\/div>\n\t\t\t\t<\/div>\n\t\t\t\t<\/div>","protected":false},"excerpt":{"rendered":"<p>services We offer a wide variety of services to help businesses of all stages achieve extraordinary results Business Strategy Effective business strategy consulting is paramount when venturing into new international markets. Navigating the complexities of a foreign business landscape demands a comprehensive understanding of local dynamics, market trends, and regulatory environments. We can help: from [&hellip;]<\/p>\n","protected":false},"author":1,"featured_media":0,"parent":0,"menu_order":0,"comment_status":"closed","ping_status":"closed","template":"elementor_header_footer","meta":{"footnotes":""},"class_list":["post-38","page","type-page","status-publish","hentry"],"_links":{"self":[{"href":"https:\/\/stellar-consulting.de\/de\/wp-json\/wp\/v2\/pages\/38","targetHints":{"allow":["GET"]}}],"collection":[{"href":"https:\/\/stellar-consulting.de\/de\/wp-json\/wp\/v2\/pages"}],"about":[{"href":"https:\/\/stellar-consulting.de\/de\/wp-json\/wp\/v2\/types\/page"}],"author":[{"embeddable":true,"href":"https:\/\/stellar-consulting.de\/de\/wp-json\/wp\/v2\/users\/1"}],"replies":[{"embeddable":true,"href":"https:\/\/stellar-consulting.de\/de\/wp-json\/wp\/v2\/comments?post=38"}],"version-history":[{"count":31,"href":"https:\/\/stellar-consulting.de\/de\/wp-json\/wp\/v2\/pages\/38\/revisions"}],"predecessor-version":[{"id":387,"href":"https:\/\/stellar-consulting.de\/de\/wp-json\/wp\/v2\/pages\/38\/revisions\/387"}],"wp:attachment":[{"href":"https:\/\/stellar-consulting.de\/de\/wp-json\/wp\/v2\/media?parent=38"}],"curies":[{"name":"wp","href":"https:\/\/api.w.org\/{rel}","templated":true}]}}